{"id":1327,"date":"2023-12-15T16:08:05","date_gmt":"2023-12-15T16:08:05","guid":{"rendered":"https:\/\/qapt.io\/?page_id=1327"},"modified":"2023-12-15T16:12:34","modified_gmt":"2023-12-15T16:12:34","slug":"contactos","status":"publish","type":"page","link":"https:\/\/qapt.io\/index.php\/contactos\/","title":{"rendered":"Contactos"},"content":{"rendered":"<p>[et_pb_section fb_built=&#8221;1&#8243; theme_builder_area=&#8221;post_content&#8221; _builder_version=&#8221;4.22.2&#8243; _module_preset=&#8221;default&#8221;][et_pb_row _builder_version=&#8221;4.22.2&#8243; _module_preset=&#8221;default&#8221; theme_builder_area=&#8221;post_content&#8221;][et_pb_column _builder_version=&#8221;4.22.2&#8243; _module_preset=&#8221;default&#8221; type=&#8221;4_4&#8243; theme_builder_area=&#8221;post_content&#8221;][et_pb_code _builder_version=&#8221;4.22.2&#8243; _module_preset=&#8221;default&#8221; theme_builder_area=&#8221;post_content&#8221; hover_enabled=&#8221;0&#8243; sticky_enabled=&#8221;0&#8243;]\n<div class=\"wpcf7 no-js\" id=\"wpcf7-f1313-o1\" lang=\"en-US\" dir=\"ltr\">\n<div class=\"screen-reader-response\"><p role=\"status\" aria-live=\"polite\" aria-atomic=\"true\"><\/p> <ul><\/ul><\/div>\n<form action=\"\/index.php\/wp-json\/wp\/v2\/pages\/1327?doing_wp_cron=1777521607.7580270767211914062500#wpcf7-f1313-o1\" method=\"post\" class=\"wpcf7-form init\" aria-label=\"Contact form\" novalidate=\"novalidate\" data-status=\"init\">\n<div style=\"display: none;\">\n<input type=\"hidden\" name=\"_wpcf7\" value=\"1313\" \/>\n<input type=\"hidden\" name=\"_wpcf7_version\" value=\"5.9.3\" \/>\n<input type=\"hidden\" name=\"_wpcf7_locale\" value=\"en_US\" \/>\n<input type=\"hidden\" name=\"_wpcf7_unit_tag\" value=\"wpcf7-f1313-o1\" \/>\n<input type=\"hidden\" name=\"_wpcf7_container_post\" value=\"0\" \/>\n<input type=\"hidden\" name=\"_wpcf7_posted_data_hash\" value=\"\" \/>\n<input type=\"hidden\" name=\"_uacf7_hidden_conditional_fields\" value=\"\" \/>\n<input type=\"hidden\" name=\"_wpcf7_recaptcha_response\" value=\"\" \/>\n<\/div>\n<div class=\"uacf7-form-1313\"><div class=\"form-title\">\n<h1><strong><center>Fale connosco<\/center><\/strong><\/h1>\n<\/div>\n\n<div class=\"form-contactform\">\n<div class=\"uacf7-row\">\n<div class=\"uacf7-col-6\">\n<label>Nome <span class=\"form-requiredfield\">*<\/span><br\/><span class=\"wpcf7-form-control-wrap\" data-name=\"your-name\"><input size=\"40\" class=\"wpcf7-form-control wpcf7-text wpcf7-validates-as-required\" aria-required=\"true\" aria-invalid=\"false\" placeholder=\"Nome pr\u00f3prio e Apelido\" value=\"\" type=\"text\" name=\"your-name\" \/><\/span><\/label>\n<\/div>\n<div class=\"uacf7-col-6\">\n<label>E-mail <span class=\"form-requiredfield\">*<\/span><br\/><span class=\"wpcf7-form-control-wrap\" data-name=\"your-email\"><input size=\"40\" class=\"wpcf7-form-control wpcf7-email wpcf7-validates-as-required wpcf7-text wpcf7-validates-as-email\" aria-required=\"true\" aria-invalid=\"false\" placeholder=\"Escreva aqui o seu e-mail\" value=\"\" type=\"email\" name=\"your-email\" \/><\/span><\/label>\n<\/div>\n<\/div>\n\n<div class=\"uacf7-row\">\n<div class=\"uacf7-col-6\">\n<label>Contacto <span class=\"form-requiredfield\">*<\/span><br\/><span class=\"wpcf7-form-control-wrap\" data-name=\"your-phone\"><input size=\"40\" class=\"wpcf7-form-control wpcf7-tel wpcf7-validates-as-required wpcf7-text wpcf7-validates-as-tel\" aria-required=\"true\" aria-invalid=\"false\" placeholder=\"Escreva aqui o seu contacto telef\u00f3nico\" value=\"\" type=\"tel\" name=\"your-phone\" \/><\/span><\/label>\n<\/div>\n<div class=\"uacf7-col-6\">\n<label>Empresa <span class=\"form-requiredfield\">*<\/span><br\/><span class=\"wpcf7-form-control-wrap\" data-name=\"your-company\"><input size=\"40\" class=\"wpcf7-form-control wpcf7-text wpcf7-validates-as-required\" aria-required=\"true\" aria-invalid=\"false\" placeholder=\"Escreva aqui o nome da sua empresa\" value=\"\" type=\"text\" name=\"your-company\" \/><\/span><\/label>\n<\/div>\n<\/div>\n<div class=\"uacf7-row\"><div class=\"uacf7-col-12\">\n<label>Mensagem <span class=\"form-requiredfield\">*<\/span><br\/><span class=\"wpcf7-form-control-wrap\" data-name=\"your-message\"><textarea cols=\"40\" rows=\"10\" class=\"wpcf7-form-control wpcf7-textarea wpcf7-validates-as-required\" aria-required=\"true\" aria-invalid=\"false\" placeholder=\"Escreva aqui a sua mensagem\" name=\"your-message\"><\/textarea><\/span><\/label>\n<\/div><\/div>\n<input class=\"wpcf7-form-control wpcf7-submit has-spinner\" type=\"submit\" value=\"Submeter\" \/>\n<\/div>\n\n<div class=\"form-contactinfo\">\n<hr\/>\n<h1>Contacte-nos<\/h1>\n<p>Para mais informa\u00e7\u00f5es sobre a solu\u00e7\u00e3o mais adequada para o seu neg\u00f3cio, por favor, entre em contacto connosco.<\/p>\n<table class=\"form-borderless\">\n<tr>\n<td><a href=\"mailto:admin@qapt.io\">\n<img decoding=\"async\" src=\"https:\/\/qapt.io\/wp-content\/uploads\/2023\/10\/email.png\"><br\/>\nadmin@qapt.io<\/a>\n<\/td>\n<!-- Fixo removido a pedido do cliente\n<td><a href=\"tel:+351213456789\">\n<img decoding=\"async\" src=\"https:\/\/qapt.io\/wp-content\/uploads\/2023\/10\/telefone.png\"><br\/>\n(+351) 213 456 789<\/a>\n<\/td>\n-->\n<td>\n<a href=\"https:\/\/wa.me\/351917565534\">\n<img decoding=\"async\" src=\"https:\/\/qapt.io\/wp-content\/uploads\/2023\/10\/whatsapp.png\"><br\/>\n(+351) 917 565 534<\/a>\n<\/td>\n<\/tr>\n<\/table>\n<\/div><\/div><div class=\"wpcf7-response-output\" aria-hidden=\"true\"><\/div>\n<\/form>\n<\/div>\n[\/et_pb_code][\/et_pb_column][\/et_pb_row][\/et_pb_section]<\/p>\n","protected":false},"excerpt":{"rendered":"\n<div class=\"wpcf7 no-js\" id=\"wpcf7-f1313-o2\" lang=\"en-US\" dir=\"ltr\">\n<div class=\"screen-reader-response\"><p role=\"status\" aria-live=\"polite\" aria-atomic=\"true\"><\/p> <ul><\/ul><\/div>\n<form action=\"\/index.php\/wp-json\/wp\/v2\/pages\/1327?doing_wp_cron=1777521607.7580270767211914062500#wpcf7-f1313-o2\" method=\"post\" class=\"wpcf7-form init\" aria-label=\"Contact form\" novalidate=\"novalidate\" data-status=\"init\">\n<div style=\"display: none;\">\n<input type=\"hidden\" name=\"_wpcf7\" value=\"1313\" \/>\n<input type=\"hidden\" name=\"_wpcf7_version\" value=\"5.9.3\" \/>\n<input type=\"hidden\" name=\"_wpcf7_locale\" value=\"en_US\" \/>\n<input type=\"hidden\" name=\"_wpcf7_unit_tag\" value=\"wpcf7-f1313-o2\" \/>\n<input type=\"hidden\" name=\"_wpcf7_container_post\" value=\"0\" \/>\n<input type=\"hidden\" name=\"_wpcf7_posted_data_hash\" value=\"\" \/>\n<input type=\"hidden\" name=\"_uacf7_hidden_conditional_fields\" value=\"\" \/>\n<input type=\"hidden\" name=\"_wpcf7_recaptcha_response\" value=\"\" \/>\n<\/div>\n<div class=\"uacf7-form-1313\"><div class=\"form-title\">\n<h1><strong><center>Fale connosco<\/center><\/strong><\/h1>\n<\/div>\n\n<div class=\"form-contactform\">\n<div class=\"uacf7-row\">\n<div class=\"uacf7-col-6\">\n<label>Nome <span class=\"form-requiredfield\">*<\/span><br\/><span class=\"wpcf7-form-control-wrap\" data-name=\"your-name\"><input size=\"40\" class=\"wpcf7-form-control wpcf7-text wpcf7-validates-as-required\" aria-required=\"true\" aria-invalid=\"false\" placeholder=\"Nome pr\u00f3prio e Apelido\" value=\"\" type=\"text\" name=\"your-name\" \/><\/span><\/label>\n<\/div>\n<div class=\"uacf7-col-6\">\n<label>E-mail <span class=\"form-requiredfield\">*<\/span><br\/><span class=\"wpcf7-form-control-wrap\" data-name=\"your-email\"><input size=\"40\" class=\"wpcf7-form-control wpcf7-email wpcf7-validates-as-required wpcf7-text wpcf7-validates-as-email\" aria-required=\"true\" aria-invalid=\"false\" placeholder=\"Escreva aqui o seu e-mail\" value=\"\" type=\"email\" name=\"your-email\" \/><\/span><\/label>\n<\/div>\n<\/div>\n\n<div class=\"uacf7-row\">\n<div class=\"uacf7-col-6\">\n<label>Contacto <span class=\"form-requiredfield\">*<\/span><br\/><span class=\"wpcf7-form-control-wrap\" data-name=\"your-phone\"><input size=\"40\" class=\"wpcf7-form-control wpcf7-tel wpcf7-validates-as-required wpcf7-text wpcf7-validates-as-tel\" aria-required=\"true\" aria-invalid=\"false\" placeholder=\"Escreva aqui o seu contacto telef\u00f3nico\" value=\"\" type=\"tel\" name=\"your-phone\" \/><\/span><\/label>\n<\/div>\n<div class=\"uacf7-col-6\">\n<label>Empresa <span class=\"form-requiredfield\">*<\/span><br\/><span class=\"wpcf7-form-control-wrap\" data-name=\"your-company\"><input size=\"40\" class=\"wpcf7-form-control wpcf7-text wpcf7-validates-as-required\" aria-required=\"true\" aria-invalid=\"false\" placeholder=\"Escreva aqui o nome da sua empresa\" value=\"\" type=\"text\" name=\"your-company\" \/><\/span><\/label>\n<\/div>\n<\/div>\n<div class=\"uacf7-row\"><div class=\"uacf7-col-12\">\n<label>Mensagem <span class=\"form-requiredfield\">*<\/span><br\/><span class=\"wpcf7-form-control-wrap\" data-name=\"your-message\"><textarea cols=\"40\" rows=\"10\" class=\"wpcf7-form-control wpcf7-textarea wpcf7-validates-as-required\" aria-required=\"true\" aria-invalid=\"false\" placeholder=\"Escreva aqui a sua mensagem\" name=\"your-message\"><\/textarea><\/span><\/label>\n<\/div><\/div>\n<input class=\"wpcf7-form-control wpcf7-submit has-spinner\" type=\"submit\" value=\"Submeter\" \/>\n<\/div>\n\n<div class=\"form-contactinfo\">\n<hr\/>\n<h1>Contacte-nos<\/h1>\n<p>Para mais informa\u00e7\u00f5es sobre a solu\u00e7\u00e3o mais adequada para o seu neg\u00f3cio, por favor, entre em contacto connosco.<\/p>\n<table class=\"form-borderless\">\n<tr>\n<td><a href=\"mailto:admin@qapt.io\">\n<img decoding=\"async\" src=\"https:\/\/qapt.io\/wp-content\/uploads\/2023\/10\/email.png\"><br\/>\nadmin@qapt.io<\/a>\n<\/td>\n<!-- Fixo removido a pedido do cliente\n<td><a href=\"tel:+351213456789\">\n<img decoding=\"async\" src=\"https:\/\/qapt.io\/wp-content\/uploads\/2023\/10\/telefone.png\"><br\/>\n(+351) 213 456 789<\/a>\n<\/td>\n-->\n<td>\n<a href=\"https:\/\/wa.me\/351917565534\">\n<img decoding=\"async\" src=\"https:\/\/qapt.io\/wp-content\/uploads\/2023\/10\/whatsapp.png\"><br\/>\n(+351) 917 565 534<\/a>\n<\/td>\n<\/tr>\n<\/table>\n<\/div><\/div><div class=\"wpcf7-response-output\" aria-hidden=\"true\"><\/div>\n<\/form>\n<\/div>\n\n","protected":false},"author":1,"featured_media":0,"parent":0,"menu_order":0,"comment_status":"closed","ping_status":"closed","template":"","meta":{"_et_pb_use_builder":"on","_et_pb_old_content":"","_et_gb_content_width":"","footnotes":""},"_links":{"self":[{"href":"https:\/\/qapt.io\/index.php\/wp-json\/wp\/v2\/pages\/1327"}],"collection":[{"href":"https:\/\/qapt.io\/index.php\/wp-json\/wp\/v2\/pages"}],"about":[{"href":"https:\/\/qapt.io\/index.php\/wp-json\/wp\/v2\/types\/page"}],"author":[{"embeddable":true,"href":"https:\/\/qapt.io\/index.php\/wp-json\/wp\/v2\/users\/1"}],"replies":[{"embeddable":true,"href":"https:\/\/qapt.io\/index.php\/wp-json\/wp\/v2\/comments?post=1327"}],"version-history":[{"count":4,"href":"https:\/\/qapt.io\/index.php\/wp-json\/wp\/v2\/pages\/1327\/revisions"}],"predecessor-version":[{"id":1334,"href":"https:\/\/qapt.io\/index.php\/wp-json\/wp\/v2\/pages\/1327\/revisions\/1334"}],"wp:attachment":[{"href":"https:\/\/qapt.io\/index.php\/wp-json\/wp\/v2\/media?parent=1327"}],"curies":[{"name":"wp","href":"https:\/\/api.w.org\/{rel}","templated":true}]}}