{"id":1290,"date":"2023-12-15T15:28:07","date_gmt":"2023-12-15T15:28:07","guid":{"rendered":"https:\/\/qapt.io\/?page_id=1290"},"modified":"2024-01-05T16:33:26","modified_gmt":"2024-01-05T16:33:26","slug":"como-funciona-2","status":"publish","type":"page","link":"https:\/\/qapt.io\/index.php\/como-funciona-2\/","title":{"rendered":"Como funciona"},"content":{"rendered":"<p>[et_pb_section fb_built=&#8221;1&#8243; disabled_on=&#8221;on|off|off&#8221; _builder_version=&#8221;4.22.2&#8243; _module_preset=&#8221;default&#8221; custom_padding=&#8221;||||false|false&#8221; global_colors_info=&#8221;{}&#8221;][et_pb_row column_structure=&#8221;2_5,3_5&#8243; make_equal=&#8221;on&#8221; _builder_version=&#8221;4.22.2&#8243; _module_preset=&#8221;default&#8221; width=&#8221;100%&#8221; max_width=&#8221;100%&#8221; global_colors_info=&#8221;{}&#8221;][et_pb_column type=&#8221;2_5&#8243; _builder_version=&#8221;4.22.2&#8243; _module_preset=&#8221;default&#8221; custom_padding=&#8221;|||20%|false|false&#8221; global_colors_info=&#8221;{}&#8221;][et_pb_text _builder_version=&#8221;4.22.2&#8243; _module_preset=&#8221;default&#8221; text_font=&#8221;|300|||||||&#8221; text_font_size=&#8221;18px&#8221; header_font=&#8221;|800|||||||&#8221; header_font_size=&#8221;35px&#8221; header_line_height=&#8221;1.1em&#8221; custom_margin=&#8221;|-106px|||false|false&#8221; custom_padding=&#8221;||||false|false&#8221; global_colors_info=&#8221;{}&#8221;]<\/p>\n<h1 style=\"margin-bottom: 1.5rem;\">Total Liberdade<\/h1>\n<p><span style=\"font-weight:500\">Total liberdade para criar as tarefas<\/span><br \/>\nque se enquadram no seu neg\u00f3cio<br \/>\nno \u00e2mbito do Haccp.<\/p>\n<p><span style=\"font-weight:500\">Atribui\u00e7\u00e3o de responsabilidades<\/span><br \/>\ne registo digital no <span style=\"font-weight:500\"><em>Tablet<\/em><\/span><br \/>\nou <span style=\"font-weight:500\"><em>Smartphone<\/em><\/span><\/p>\n<p><span style=\"color: #002cfb;\"><strong>Alguns Exemplos<\/strong><\/span><br \/>\n&#8211; Limpeza de WC<br \/>\n&#8211; Limpeza da bancada \u201cA\u201d<br \/>\n&#8211; Limpeza do Fog\u00e3o 1<br \/>\n&#8211; Mudan\u00e7a de \u00f3leo da Fritadeira<br \/>\n&#8211; Limpeza Vidros<\/p>\n<p>&nbsp;[\/et_pb_text][\/et_pb_column][et_pb_column type=&#8221;3_5&#8243; _builder_version=&#8221;4.22.2&#8243; _module_preset=&#8221;default&#8221; custom_padding=&#8221;|20%|||false|false&#8221; global_colors_info=&#8221;{}&#8221;][et_pb_button button_url=&#8221;@ET-DC@eyJkeW5hbWljIjp0cnVlLCJjb250ZW50IjoicG9zdF9saW5rX3VybF9wYWdlIiwic2V0dGluZ3MiOnsicG9zdF9pZCI6IjEzMjcifX0=@&#8221; button_text=&#8221;Fale connosco&#8221; button_alignment=&#8221;right&#8221; _builder_version=&#8221;4.22.2&#8243; _dynamic_attributes=&#8221;button_url&#8221; _module_preset=&#8221;default&#8221; custom_margin=&#8221;||||false|false&#8221; global_colors_info=&#8221;{}&#8221;][\/et_pb_button][et_pb_image src=&#8221;https:\/\/qapt.io\/wp-content\/uploads\/2023\/12\/Como-funciona.jpg&#8221; title_text=&#8221;Como-funciona&#8221; align=&#8221;center&#8221; force_fullwidth=&#8221;on&#8221; _builder_version=&#8221;4.22.2&#8243; _module_preset=&#8221;default&#8221; background_color=&#8221;RGBA(255,255,255,0)&#8221; z_index=&#8221;0&#8243; custom_margin=&#8221;||||false|true&#8221; custom_padding=&#8221;||||true|true&#8221; custom_css_main_element=&#8221;img{||  object-fit: contain||}&#8221; global_colors_info=&#8221;{}&#8221;][\/et_pb_image][et_pb_text _builder_version=&#8221;4.23.2&#8243; _module_preset=&#8221;default&#8221; text_text_color=&#8221;#FFFFFF&#8221; text_font_size=&#8221;18px&#8221; link_text_color=&#8221;#FFFFFF&#8221; background_color=&#8221;#2823e1&#8243; positioning=&#8221;absolute&#8221; position_origin_a=&#8221;center_right&#8221; z_index=&#8221;10&#8243; width=&#8221;100%&#8221; max_width=&#8221;18rem&#8221; custom_margin=&#8221;||||false|false&#8221; custom_padding=&#8221;30px|38px|30px|38px|true|false&#8221; hover_enabled=&#8221;0&#8243; global_colors_info=&#8221;{}&#8221; sticky_enabled=&#8221;0&#8243;]<\/p>\n<p style=\"text-align: left;\">Fale connosco<\/p>\n<p style=\"text-align: left;\"><a href=\"mailto:admin@qapt.io\"><img loading=\"lazy\" decoding=\"async\" src=\"https:\/\/qapt.io\/wp-content\/uploads\/2023\/12\/mail.png\" width=\"16\" height=\"16\" alt=\"\" class=\"wp-image-1381 alignnone size-full\" \/> admin@qapt.io<\/a><\/p>\n<p style=\"text-align: left;\"><a href=\"tel:351917565534\"><img loading=\"lazy\" decoding=\"async\" src=\"https:\/\/qapt.io\/wp-content\/uploads\/2023\/12\/phone.png\" width=\"16\" height=\"16\" alt=\"\" class=\"wp-image-1382 alignnone size-full\" \/> +351 917 565 534<\/a><\/p>\n<p>[\/et_pb_text][\/et_pb_column][\/et_pb_row][\/et_pb_section][et_pb_section fb_built=&#8221;1&#8243; _builder_version=&#8221;4.22.2&#8243; _module_preset=&#8221;default&#8221; background_color=&#8221;#F4F4F4&#8243; border_width_top=&#8221;1px&#8221; border_color_top=&#8221;#A4AFB7&#8243; global_colors_info=&#8221;{}&#8221;][et_pb_row column_structure=&#8221;1_2,1_2&#8243; make_equal=&#8221;on&#8221; _builder_version=&#8221;4.22.2&#8243; _module_preset=&#8221;default&#8221; global_colors_info=&#8221;{}&#8221;][et_pb_column type=&#8221;1_2&#8243; _builder_version=&#8221;4.22.2&#8243; _module_preset=&#8221;default&#8221; global_colors_info=&#8221;{}&#8221;][et_pb_image src=&#8221;https:\/\/qapt.io\/wp-content\/uploads\/2023\/12\/Dashboard.png&#8221; title_text=&#8221;Dashboard&#8221; align=&#8221;center&#8221; _builder_version=&#8221;4.22.2&#8243; _module_preset=&#8221;default&#8221; width=&#8221;70%&#8221; global_colors_info=&#8221;{}&#8221;][\/et_pb_image][\/et_pb_column][et_pb_column type=&#8221;1_2&#8243; _builder_version=&#8221;4.22.2&#8243; _module_preset=&#8221;default&#8221; global_colors_info=&#8221;{}&#8221;][et_pb_text _builder_version=&#8221;4.22.2&#8243; _module_preset=&#8221;default&#8221; global_colors_info=&#8221;{}&#8221;]<\/p>\n<h1><strong>Dashboard<\/strong><\/h1>\n<p>Dashboard por n\u00edveis de acesso hier\u00e1rquico<br \/>com toda a informa\u00e7\u00e3o necess\u00e1ria.<\/p>\n<p>Totalmente customiz\u00e1vel caso a caso.<\/p>\n<p>Tarefas agendadas, conclu\u00eddas, n\u00e3o conformidades<br \/>e alertas em tratamento<\/p>\n<p>Monitoriza\u00e7\u00e3o em tempo real<\/p>\n<p>Consulta por local, andar ou \u00e1rea<\/p>\n<p>An\u00e1lises por loja ou grupos de lojas<\/p>\n<p>Monitoriza\u00e7\u00e3o em tempo real<\/p>\n<p>[\/et_pb_text][et_pb_button button_url=&#8221;@ET-DC@eyJkeW5hbWljIjp0cnVlLCJjb250ZW50IjoicG9zdF9saW5rX3VybF9wYWdlIiwic2V0dGluZ3MiOnsicG9zdF9pZCI6IjEzMjcifX0=@&#8221; button_text=&#8221;Fale connosco&#8221; _builder_version=&#8221;4.22.2&#8243; _dynamic_attributes=&#8221;button_url&#8221; _module_preset=&#8221;default&#8221; global_colors_info=&#8221;{}&#8221;][\/et_pb_button][\/et_pb_column][\/et_pb_row][\/et_pb_section]<\/p>\n","protected":false},"excerpt":{"rendered":"<p>Total Liberdade Total liberdade para criar as tarefas que se enquadram no seu neg\u00f3cio no \u00e2mbito do Haccp. Atribui\u00e7\u00e3o de responsabilidades e registo digital no Tablet ou Smartphone Alguns Exemplos &#8211; Limpeza de WC &#8211; Limpeza da bancada \u201cA\u201d &#8211; Limpeza do Fog\u00e3o 1 &#8211; Mudan\u00e7a de \u00f3leo da Fritadeira &#8211; Limpeza Vidros &nbsp;Fale connosco [&hellip;]<\/p>\n","protected":false},"author":1,"featured_media":0,"parent":0,"menu_order":0,"comment_status":"closed","ping_status":"closed","template":"","meta":{"_et_pb_use_builder":"on","_et_pb_old_content":"","_et_gb_content_width":"","footnotes":""},"_links":{"self":[{"href":"https:\/\/qapt.io\/index.php\/wp-json\/wp\/v2\/pages\/1290"}],"collection":[{"href":"https:\/\/qapt.io\/index.php\/wp-json\/wp\/v2\/pages"}],"about":[{"href":"https:\/\/qapt.io\/index.php\/wp-json\/wp\/v2\/types\/page"}],"author":[{"embeddable":true,"href":"https:\/\/qapt.io\/index.php\/wp-json\/wp\/v2\/users\/1"}],"replies":[{"embeddable":true,"href":"https:\/\/qapt.io\/index.php\/wp-json\/wp\/v2\/comments?post=1290"}],"version-history":[{"count":8,"href":"https:\/\/qapt.io\/index.php\/wp-json\/wp\/v2\/pages\/1290\/revisions"}],"predecessor-version":[{"id":1445,"href":"https:\/\/qapt.io\/index.php\/wp-json\/wp\/v2\/pages\/1290\/revisions\/1445"}],"wp:attachment":[{"href":"https:\/\/qapt.io\/index.php\/wp-json\/wp\/v2\/media?parent=1290"}],"curies":[{"name":"wp","href":"https:\/\/api.w.org\/{rel}","templated":true}]}}